{"id":2,"date":"2023-12-08T14:47:45","date_gmt":"2023-12-08T13:47:45","guid":{"rendered":"https:\/\/www.strato.de\/foretagarallsvenskan\/?page_id=2"},"modified":"2025-01-03T17:36:09","modified_gmt":"2025-01-03T16:36:09","slug":"om","status":"publish","type":"page","link":"https:\/\/www.strato.se\/foretagarallsvenskan\/om\/","title":{"rendered":"Om F\u00f6retagarAllsvenskan"},"content":{"rendered":"\n<p>F\u00f6retagarAllsvenskan \u00e4r en m\u00e5natlig sammanst\u00e4llning fr\u00e5n STRATO med den senaste statistiken fr\u00e5n <a href=\"http:\/\/www.bolagsverket.se\">Bolagsverket <\/a>\u00f6ver nettotillv\u00e4xten av f\u00f6retag i Sverige. Statistiken fungerar som en indikator p\u00e5 den aktuella ekonomiska situationen i Sverige som helhet och inom dess l\u00e4n och kommuner. F\u00f6retagarAllsvenskan j\u00e4mf\u00f6r \u00e4ven olika l\u00e4n mot varandra, vilket g\u00f6r det m\u00f6jligt att identifiera och kr\u00f6na vinnare i en kvantitativ t\u00e4vling i entrepren\u00f6rskap. STRATO:s syfte med F\u00f6retagarAllsvenskan \u00e4r att inspirera alla de som vill bli entrepren\u00f6rer och lyfta de som g\u00f6r det enklare att starta f\u00f6retag och vara f\u00f6retagare i Sverige.<\/p>\n\n\n\n<h2 class=\"wp-block-heading has-large-font-size\" id=\"h-vad-ar-nettotillvaxt\"><strong>Vad \u00e4r nettotillv\u00e4xt?<\/strong><\/h2>\n\n\n\n<p>Nettotillv\u00e4xten visar antalet nyregistrerade f\u00f6retag<sup data-fn=\"54c5fb7e-661f-472c-84e6-66882c1d59c4\" class=\"fn\"><a href=\"#54c5fb7e-661f-472c-84e6-66882c1d59c4\" id=\"54c5fb7e-661f-472c-84e6-66882c1d59c4-link\">1<\/a><\/sup> minus antalet avregistrerade f\u00f6retag och ger en exakt m\u00e4tning av den totala utvecklingen av f\u00f6retagande. M\u00e5tt som nystartade f\u00f6retag och konkurser separat \u00e4r visserligen intressanta, men visar endast bara en liten del av f\u00f6retagandets utveckling. Faktum \u00e4r att konkurser endast representerar en minoritet av de avregistrerade f\u00f6retagen. V\u00e5rt tillv\u00e4gag\u00e5ngss\u00e4tt ger d\u00e4rf\u00f6r en b\u00e4ttre indikator p\u00e5 hur svenskt entrepren\u00f6rskap kan blomstra.<\/p>\n\n\n\n<p>Notera: Det kan finnas en viss eftersl\u00e4pning i statistiken mellan olika m\u00e5nader. Detta kan inneb\u00e4ra att bolag som avregistrerats kan uppdateras retroaktivt, d\u00e4r exempelvis en konkurs registreras hos Bolagsverket i juni, men sj\u00e4lva konkursen slutf\u00f6rdes i maj. Maj sattes d\u00e5 som avregistreringsdatum.<\/p>\n\n\n\n<h2 class=\"wp-block-heading has-large-font-size\" id=\"h-vad-berattar-dessa-siffror-for-mig\"><strong>Vad ber\u00e4ttar dessa siffror f\u00f6r mig?<\/strong><\/h2>\n\n\n\n<p>F\u00f6r att kunna identifiera trender i l\u00e4n eller kommuner fokuserar vi p\u00e5 f\u00f6ljande indikatorer:&nbsp;<\/p>\n\n\n\n<p><strong>Total tillv\u00e4xt:<\/strong> Aktuell tillv\u00e4xt hittills detta \u00e5r i det specifika l\u00e4net eller kommunen. Summerat fr\u00e5n den f\u00f6rsta januari 2024 till den senaste m\u00e5naden.<br><br><strong>M\u00e5nadens tillv\u00e4xt: <\/strong>De senaste tillv\u00e4xtsiffrorna, exempelvis september.<\/p>\n\n\n\n<p><strong>F\u00f6rra m\u00e5nadens tillv\u00e4xt:<\/strong> N\u00e4st senaste siffrorna, till exempel: om du bes\u00f6ker hemsidan i b\u00f6rjan av oktober, \u00e4r de senaste presenterade siffrorna f\u00f6r september (nya siffror f\u00f6r f\u00f6reg\u00e5ende m\u00e5nad blir tillg\u00e4ngliga i b\u00f6rjan av m\u00e5naden efter). D\u00e4rf\u00f6r \u00e4r \u201dF\u00f6rra m\u00e5nadens tillv\u00e4xt\u201d m\u00e5naden dessf\u00f6rinnan. I detta exempel augusti.<\/p>\n\n\n\n<p><strong>Trend: <\/strong>Tillv\u00e4xten i procentenheter mellan, i detta exempel, augusti och september. S\u00e5 om augusti hade en tillv\u00e4xt p\u00e5 1,5% och september 1,7% blev \u201dtrenden\u201d 0,2% (pil upp\u00e5t).<\/p>\n\n\n\n<h2 class=\"wp-block-heading has-large-font-size\" id=\"h-om-strato\"><strong>Om STRATO<\/strong><\/h2>\n\n\n\n<p>STRATO \u00e4r ett av Europas st\u00f6rsta webbhotell med dom\u00e4n-, e-post, webbplats- och servertj\u00e4nster och online-marknadsf\u00f6ringsvertyg samt molnlagringstj\u00e4nsten HiDrive. STRATO grundades i Berlin 1997 och har idag \u00f6ver 4 miljoner dom\u00e4ner och 1,6 miljoner kunder med \u00f6ver 2 miljoner avtal. F\u00f6retaget har ca 500 anst\u00e4llda och driver tv\u00e5 T\u00dcV-certifierade datacenter med \u00f6ver 100 000 fysiska och virtuella servrar i Berline och Karlsruhe. STRATO GmbH \u00e4r en del av den b\u00f6rsnoterade IONOS Group SE.<\/p>\n\n\n\n<p><\/p>\n\n\n\n<ol class=\"wp-block-list\">\n<li><\/li>\n<\/ol>\n\n\n<ol class=\"wp-block-footnotes\"><li id=\"54c5fb7e-661f-472c-84e6-66882c1d59c4\"><em>Aktiebolag, bankaktiebolag, handelsbolag, enskilda n\u00e4ringsidkare, Europabolag, filialer till utl\u00e4ndska bolag, f\u00f6rs\u00e4kringsaktiebolag och kommanditbolag.<\/em> <a href=\"#54c5fb7e-661f-472c-84e6-66882c1d59c4-link\" aria-label=\"Hoppa till fotnotsreferens 1\">\u21a9\ufe0e<\/a><\/li><\/ol>","protected":false},"excerpt":{"rendered":"<p>F\u00f6retagarAllsvenskan \u00e4r en m\u00e5natlig sammanst\u00e4llning fr\u00e5n STRATO med den senaste statistiken fr\u00e5n Bolagsverket \u00f6ver nettotillv\u00e4xten av f\u00f6retag i Sverige. Statistiken fungerar som en indikator p\u00e5 den aktuella ekonomiska situationen i Sverige som helhet och inom dess l\u00e4n och kommuner. F\u00f6retagarAllsvenskan j\u00e4mf\u00f6r \u00e4ven olika l\u00e4n mot varandra, vilket g\u00f6r det m\u00f6jligt att identifiera och kr\u00f6na vinnare [&hellip;]<\/p>\n","protected":false},"author":4,"featured_media":0,"parent":0,"menu_order":0,"comment_status":"closed","ping_status":"closed","template":"","meta":{"_acf_changed":false,"footnotes":"[{\"id\":\"54c5fb7e-661f-472c-84e6-66882c1d59c4\",\"content\":\"<em>Aktiebolag, bankaktiebolag, handelsbolag, enskilda n\\u00e4ringsidkare, Europabolag, filialer till utl\\u00e4ndska bolag, f\\u00f6rs\\u00e4kringsaktiebolag och kommanditbolag.<\\\/em>\"}]"},"class_list":["post-2","page","type-page","status-publish","hentry"],"acf":[],"yoast_head":"<!-- This site is optimized with the Yoast SEO plugin v27.1.1 - https:\/\/yoast.com\/product\/yoast-seo-wordpress\/ -->\n<title>Om F\u00f6retagarAllsvenskan - F\u00f6retagarAllsvenskan<\/title>\n<meta name=\"robots\" content=\"index, follow, max-snippet:-1, max-image-preview:large, max-video-preview:-1\" \/>\n<link rel=\"canonical\" href=\"https:\/\/www.strato.se\/foretagarallsvenskan\/om\/\" \/>\n<meta property=\"og:locale\" content=\"sv_SE\" \/>\n<meta property=\"og:type\" content=\"article\" \/>\n<meta property=\"og:title\" content=\"Om F\u00f6retagarAllsvenskan - F\u00f6retagarAllsvenskan\" \/>\n<meta property=\"og:description\" content=\"F\u00f6retagarAllsvenskan \u00e4r en m\u00e5natlig sammanst\u00e4llning fr\u00e5n STRATO med den senaste statistiken fr\u00e5n Bolagsverket \u00f6ver nettotillv\u00e4xten av f\u00f6retag i Sverige. Statistiken fungerar som en indikator p\u00e5 den aktuella ekonomiska situationen i Sverige som helhet och inom dess l\u00e4n och kommuner. F\u00f6retagarAllsvenskan j\u00e4mf\u00f6r \u00e4ven olika l\u00e4n mot varandra, vilket g\u00f6r det m\u00f6jligt att identifiera och kr\u00f6na vinnare [&hellip;]\" \/>\n<meta property=\"og:url\" content=\"https:\/\/www.strato.se\/foretagarallsvenskan\/om\/\" \/>\n<meta property=\"og:site_name\" content=\"F\u00f6retagarAllsvenskan\" \/>\n<meta property=\"article:modified_time\" content=\"2025-01-03T16:36:09+00:00\" \/>\n<meta name=\"twitter:card\" content=\"summary_large_image\" \/>\n<meta name=\"twitter:label1\" content=\"Ber\u00e4knad l\u00e4stid\" \/>\n\t<meta name=\"twitter:data1\" content=\"2 minuter\" \/>\n<script type=\"application\/ld+json\" class=\"yoast-schema-graph\">{\"@context\":\"https:\/\/schema.org\",\"@graph\":[{\"@type\":\"WebPage\",\"@id\":\"https:\/\/www.strato.se\/foretagarallsvenskan\/om\/\",\"url\":\"https:\/\/www.strato.se\/foretagarallsvenskan\/om\/\",\"name\":\"Om F\u00f6retagarAllsvenskan - F\u00f6retagarAllsvenskan\",\"isPartOf\":{\"@id\":\"https:\/\/www.strato.se\/foretagarallsvenskan\/#website\"},\"datePublished\":\"2023-12-08T13:47:45+00:00\",\"dateModified\":\"2025-01-03T16:36:09+00:00\",\"breadcrumb\":{\"@id\":\"https:\/\/www.strato.se\/foretagarallsvenskan\/om\/#breadcrumb\"},\"inLanguage\":\"sv-SE\",\"potentialAction\":[{\"@type\":\"ReadAction\",\"target\":[\"https:\/\/www.strato.se\/foretagarallsvenskan\/om\/\"]}]},{\"@type\":\"BreadcrumbList\",\"@id\":\"https:\/\/www.strato.se\/foretagarallsvenskan\/om\/#breadcrumb\",\"itemListElement\":[{\"@type\":\"ListItem\",\"position\":1,\"name\":\"Startseite\",\"item\":\"https:\/\/www.strato.se\/foretagarallsvenskan\/\"},{\"@type\":\"ListItem\",\"position\":2,\"name\":\"Om F\u00f6retagarAllsvenskan\"}]},{\"@type\":\"WebSite\",\"@id\":\"https:\/\/www.strato.se\/foretagarallsvenskan\/#website\",\"url\":\"https:\/\/www.strato.se\/foretagarallsvenskan\/\",\"name\":\"F\u00f6retagarAllsvenskan\",\"description\":\"\",\"publisher\":{\"@id\":\"https:\/\/www.strato.se\/foretagarallsvenskan\/#organization\"},\"potentialAction\":[{\"@type\":\"SearchAction\",\"target\":{\"@type\":\"EntryPoint\",\"urlTemplate\":\"https:\/\/www.strato.se\/foretagarallsvenskan\/?s={search_term_string}\"},\"query-input\":{\"@type\":\"PropertyValueSpecification\",\"valueRequired\":true,\"valueName\":\"search_term_string\"}}],\"inLanguage\":\"sv-SE\"},{\"@type\":\"Organization\",\"@id\":\"https:\/\/www.strato.se\/foretagarallsvenskan\/#organization\",\"name\":\"F\u00f6retagarAllsvenskan\",\"url\":\"https:\/\/www.strato.se\/foretagarallsvenskan\/\",\"logo\":{\"@type\":\"ImageObject\",\"inLanguage\":\"sv-SE\",\"@id\":\"https:\/\/www.strato.se\/foretagarallsvenskan\/#\/schema\/logo\/image\/\",\"url\":\"\",\"contentUrl\":\"\",\"caption\":\"F\u00f6retagarAllsvenskan\"},\"image\":{\"@id\":\"https:\/\/www.strato.se\/foretagarallsvenskan\/#\/schema\/logo\/image\/\"}}]}<\/script>\n<!-- \/ Yoast SEO plugin. -->","yoast_head_json":{"title":"Om F\u00f6retagarAllsvenskan - F\u00f6retagarAllsvenskan","robots":{"index":"index","follow":"follow","max-snippet":"max-snippet:-1","max-image-preview":"max-image-preview:large","max-video-preview":"max-video-preview:-1"},"canonical":"https:\/\/www.strato.se\/foretagarallsvenskan\/om\/","og_locale":"sv_SE","og_type":"article","og_title":"Om F\u00f6retagarAllsvenskan - F\u00f6retagarAllsvenskan","og_description":"F\u00f6retagarAllsvenskan \u00e4r en m\u00e5natlig sammanst\u00e4llning fr\u00e5n STRATO med den senaste statistiken fr\u00e5n Bolagsverket \u00f6ver nettotillv\u00e4xten av f\u00f6retag i Sverige. Statistiken fungerar som en indikator p\u00e5 den aktuella ekonomiska situationen i Sverige som helhet och inom dess l\u00e4n och kommuner. F\u00f6retagarAllsvenskan j\u00e4mf\u00f6r \u00e4ven olika l\u00e4n mot varandra, vilket g\u00f6r det m\u00f6jligt att identifiera och kr\u00f6na vinnare [&hellip;]","og_url":"https:\/\/www.strato.se\/foretagarallsvenskan\/om\/","og_site_name":"F\u00f6retagarAllsvenskan","article_modified_time":"2025-01-03T16:36:09+00:00","twitter_card":"summary_large_image","twitter_misc":{"Ber\u00e4knad l\u00e4stid":"2 minuter"},"schema":{"@context":"https:\/\/schema.org","@graph":[{"@type":"WebPage","@id":"https:\/\/www.strato.se\/foretagarallsvenskan\/om\/","url":"https:\/\/www.strato.se\/foretagarallsvenskan\/om\/","name":"Om F\u00f6retagarAllsvenskan - F\u00f6retagarAllsvenskan","isPartOf":{"@id":"https:\/\/www.strato.se\/foretagarallsvenskan\/#website"},"datePublished":"2023-12-08T13:47:45+00:00","dateModified":"2025-01-03T16:36:09+00:00","breadcrumb":{"@id":"https:\/\/www.strato.se\/foretagarallsvenskan\/om\/#breadcrumb"},"inLanguage":"sv-SE","potentialAction":[{"@type":"ReadAction","target":["https:\/\/www.strato.se\/foretagarallsvenskan\/om\/"]}]},{"@type":"BreadcrumbList","@id":"https:\/\/www.strato.se\/foretagarallsvenskan\/om\/#breadcrumb","itemListElement":[{"@type":"ListItem","position":1,"name":"Startseite","item":"https:\/\/www.strato.se\/foretagarallsvenskan\/"},{"@type":"ListItem","position":2,"name":"Om F\u00f6retagarAllsvenskan"}]},{"@type":"WebSite","@id":"https:\/\/www.strato.se\/foretagarallsvenskan\/#website","url":"https:\/\/www.strato.se\/foretagarallsvenskan\/","name":"F\u00f6retagarAllsvenskan","description":"","publisher":{"@id":"https:\/\/www.strato.se\/foretagarallsvenskan\/#organization"},"potentialAction":[{"@type":"SearchAction","target":{"@type":"EntryPoint","urlTemplate":"https:\/\/www.strato.se\/foretagarallsvenskan\/?s={search_term_string}"},"query-input":{"@type":"PropertyValueSpecification","valueRequired":true,"valueName":"search_term_string"}}],"inLanguage":"sv-SE"},{"@type":"Organization","@id":"https:\/\/www.strato.se\/foretagarallsvenskan\/#organization","name":"F\u00f6retagarAllsvenskan","url":"https:\/\/www.strato.se\/foretagarallsvenskan\/","logo":{"@type":"ImageObject","inLanguage":"sv-SE","@id":"https:\/\/www.strato.se\/foretagarallsvenskan\/#\/schema\/logo\/image\/","url":"","contentUrl":"","caption":"F\u00f6retagarAllsvenskan"},"image":{"@id":"https:\/\/www.strato.se\/foretagarallsvenskan\/#\/schema\/logo\/image\/"}}]}},"_links":{"self":[{"href":"https:\/\/www.strato.se\/foretagarallsvenskan\/wp-json\/wp\/v2\/pages\/2","targetHints":{"allow":["GET"]}}],"collection":[{"href":"https:\/\/www.strato.se\/foretagarallsvenskan\/wp-json\/wp\/v2\/pages"}],"about":[{"href":"https:\/\/www.strato.se\/foretagarallsvenskan\/wp-json\/wp\/v2\/types\/page"}],"author":[{"embeddable":true,"href":"https:\/\/www.strato.se\/foretagarallsvenskan\/wp-json\/wp\/v2\/users\/4"}],"replies":[{"embeddable":true,"href":"https:\/\/www.strato.se\/foretagarallsvenskan\/wp-json\/wp\/v2\/comments?post=2"}],"version-history":[{"count":12,"href":"https:\/\/www.strato.se\/foretagarallsvenskan\/wp-json\/wp\/v2\/pages\/2\/revisions"}],"predecessor-version":[{"id":1124,"href":"https:\/\/www.strato.se\/foretagarallsvenskan\/wp-json\/wp\/v2\/pages\/2\/revisions\/1124"}],"wp:attachment":[{"href":"https:\/\/www.strato.se\/foretagarallsvenskan\/wp-json\/wp\/v2\/media?parent=2"}],"curies":[{"name":"wp","href":"https:\/\/api.w.org\/{rel}","templated":true}]}}